{"id":2,"date":"2022-11-30T17:46:49","date_gmt":"2022-11-30T17:46:49","guid":{"rendered":"https:\/\/aytekmekanik.com\/?page_id=2"},"modified":"2022-12-01T07:13:45","modified_gmt":"2022-12-01T07:13:45","slug":"sample-page","status":"publish","type":"page","link":"https:\/\/aytekmekanik.com\/index.php\/sample-page\/","title":{"rendered":""},"content":{"rendered":"<ul>\r\n<li id=\"20\" class=\"acc-head\">SIHH\u0130 TES\u0130SAT<\/li>\r\n<li id=\"21\" class=\"acc-head\">TEM\u0130Z SU S\u0130STEMLER\u0130<\/li>\r\n<li id=\"11\" class=\"acc-head\">ATIK SU\u00a0 S\u0130STEMLER\u0130<\/li>\r\n<li id=\"6\" class=\"acc-head\">ISITMA S\u0130STEMLER\u0130<\/li>\r\n<li id=\"9\" class=\"acc-head\">YANGIN S\u00d6ND\u00dcRME S\u0130STEMLER\u0130 ( SPR\u0130NKLER ,H\u0130DRANT VS. )<\/li>\r\n<li id=\"13\" class=\"acc-head\">BASIN\u00c7LI HAVA S\u0130STEMLER\u0130<\/li>\r\n<li id=\"14\" class=\"acc-head\">BUHAR HATTI S\u0130STEMLER\u0130<\/li>\r\n<li id=\"7\" class=\"acc-head\">DO\u011eALGAZ ALT YAPI VE B\u0130NA \u0130\u00c7\u0130 S\u0130STEMLER\u0130<\/li>\r\n<li id=\"15\" class=\"acc-head\">LPG,FUEL O\u0130L VE\u00a0 MOTOR\u0130N HATTI S\u0130STEMLER\u0130<\/li>\r\n<li id=\"8\" class=\"acc-head\">BAH\u00c7E SULAMA S\u0130STEMLER\u0130<\/li>\r\n<li id=\"16\" class=\"acc-head\">YA\u011eMUR SUYU S\u0130STEMLER\u0130 ( S\u0130FON\u0130K,CATI OLU\u011eU VS. )<\/li>\r\n<li id=\"17\" class=\"acc-head\">\u00dcRET\u0130M MAK\u0130NALARI\u00a0 ISITMA, SO\u011eUTMA VE HAVA S\u0130STEMLER\u0130<\/li>\r\n<li id=\"22\" class=\"acc-head\">\u0130ZOLASYON \u0130\u015eLER\u0130<\/li>\r\n<li id=\"12\" class=\"acc-head\">BAKIM VE ONARIM \u0130\u015eLER\u0130<\/li>\r\n<li id=\"18\" class=\"acc-head\">SIHH\u0130,MEKAN\u0130K,ELEKTROMEKAN\u0130K, H\u0130DROL\u0130K VE PN\u00d6MAT\u0130K S\u0130STEMLER<\/li>\r\n<\/ul>\r\n","protected":false},"excerpt":{"rendered":"<p>SIHH\u0130 TES\u0130SAT TEM\u0130Z SU S\u0130STEMLER\u0130 ATIK SU\u00a0 S\u0130STEMLER\u0130 ISITMA S\u0130STEMLER\u0130 YANGIN S\u00d6ND\u00dcRME S\u0130STEMLER\u0130 ( SPR\u0130NKLER ,H\u0130DRANT VS. ) BASIN\u00c7LI HAVA S\u0130STEMLER\u0130 BUHAR HATTI S\u0130STEMLER\u0130 DO\u011eALGAZ ALT YAPI VE B\u0130NA \u0130\u00c7\u0130 S\u0130STEMLER\u0130 LPG,FUEL O\u0130L VE\u00a0 MOTOR\u0130N HATTI S\u0130STEMLER\u0130 BAH\u00c7E SULAMA S\u0130STEMLER\u0130 YA\u011eMUR SUYU S\u0130STEMLER\u0130 ( S\u0130FON\u0130K,CATI OLU\u011eU VS. ) \u00dcRET\u0130M MAK\u0130NALARI\u00a0 ISITMA, SO\u011eUTMA VE HAVA S\u0130STEMLER\u0130 [&hellip;]<\/p>\n","protected":false},"author":1,"featured_media":0,"parent":0,"menu_order":0,"comment_status":"closed","ping_status":"open","template":"","meta":{"footnotes":""},"class_list":["post-2","page","type-page","status-publish","hentry"],"yoast_head":"<!-- This site is optimized with the Yoast SEO plugin v19.11 - https:\/\/yoast.com\/wordpress\/plugins\/seo\/ -->\n<title>- AY-TEK MEKAN\u0130K<\/title>\n<meta name=\"robots\" content=\"index, follow, max-snippet:-1, max-image-preview:large, max-video-preview:-1\" \/>\n<link rel=\"canonical\" href=\"https:\/\/aytekmekanik.com\/index.php\/sample-page\/\" \/>\n<meta property=\"og:locale\" content=\"tr_TR\" \/>\n<meta property=\"og:type\" content=\"article\" \/>\n<meta property=\"og:title\" content=\"- AY-TEK MEKAN\u0130K\" \/>\n<meta property=\"og:description\" content=\"SIHH\u0130 TES\u0130SAT TEM\u0130Z SU S\u0130STEMLER\u0130 ATIK SU\u00a0 S\u0130STEMLER\u0130 ISITMA S\u0130STEMLER\u0130 YANGIN S\u00d6ND\u00dcRME S\u0130STEMLER\u0130 ( SPR\u0130NKLER ,H\u0130DRANT VS. ) BASIN\u00c7LI HAVA S\u0130STEMLER\u0130 BUHAR HATTI S\u0130STEMLER\u0130 DO\u011eALGAZ ALT YAPI VE B\u0130NA \u0130\u00c7\u0130 S\u0130STEMLER\u0130 LPG,FUEL O\u0130L VE\u00a0 MOTOR\u0130N HATTI S\u0130STEMLER\u0130 BAH\u00c7E SULAMA S\u0130STEMLER\u0130 YA\u011eMUR SUYU S\u0130STEMLER\u0130 ( S\u0130FON\u0130K,CATI OLU\u011eU VS. ) \u00dcRET\u0130M MAK\u0130NALARI\u00a0 ISITMA, SO\u011eUTMA VE HAVA S\u0130STEMLER\u0130 [&hellip;]\" \/>\n<meta property=\"og:url\" content=\"https:\/\/aytekmekanik.com\/index.php\/sample-page\/\" \/>\n<meta property=\"og:site_name\" content=\"AY-TEK MEKAN\u0130K\" \/>\n<meta property=\"article:modified_time\" content=\"2022-12-01T07:13:45+00:00\" \/>\n<meta name=\"twitter:card\" content=\"summary_large_image\" \/>\n<meta name=\"twitter:label1\" content=\"Tahmini okuma s\u00fcresi\" \/>\n\t<meta name=\"twitter:data1\" content=\"1 dakika\" \/>\n<script type=\"application\/ld+json\" class=\"yoast-schema-graph\">{\"@context\":\"https:\/\/schema.org\",\"@graph\":[{\"@type\":\"WebPage\",\"@id\":\"https:\/\/aytekmekanik.com\/index.php\/sample-page\/\",\"url\":\"https:\/\/aytekmekanik.com\/index.php\/sample-page\/\",\"name\":\"- AY-TEK MEKAN\u0130K\",\"isPartOf\":{\"@id\":\"https:\/\/aytekmekanik.com\/#website\"},\"datePublished\":\"2022-11-30T17:46:49+00:00\",\"dateModified\":\"2022-12-01T07:13:45+00:00\",\"inLanguage\":\"tr\",\"potentialAction\":[{\"@type\":\"ReadAction\",\"target\":[\"https:\/\/aytekmekanik.com\/index.php\/sample-page\/\"]}]},{\"@type\":\"WebSite\",\"@id\":\"https:\/\/aytekmekanik.com\/#website\",\"url\":\"https:\/\/aytekmekanik.com\/\",\"name\":\"AY-TEK MEKAN\u0130K\",\"description\":\"SIHH\u0130 TES\u0130SAT \u0130N\u015e.NAK.SAN.T\u0130C.LTD.\u015eT\u0130.\",\"potentialAction\":[{\"@type\":\"SearchAction\",\"target\":{\"@type\":\"EntryPoint\",\"urlTemplate\":\"https:\/\/aytekmekanik.com\/?s={search_term_string}\"},\"query-input\":\"required name=search_term_string\"}],\"inLanguage\":\"tr\"}]}<\/script>\n<!-- \/ Yoast SEO plugin. -->","yoast_head_json":{"title":"- AY-TEK MEKAN\u0130K","robots":{"index":"index","follow":"follow","max-snippet":"max-snippet:-1","max-image-preview":"max-image-preview:large","max-video-preview":"max-video-preview:-1"},"canonical":"https:\/\/aytekmekanik.com\/index.php\/sample-page\/","og_locale":"tr_TR","og_type":"article","og_title":"- AY-TEK MEKAN\u0130K","og_description":"SIHH\u0130 TES\u0130SAT TEM\u0130Z SU S\u0130STEMLER\u0130 ATIK SU\u00a0 S\u0130STEMLER\u0130 ISITMA S\u0130STEMLER\u0130 YANGIN S\u00d6ND\u00dcRME S\u0130STEMLER\u0130 ( SPR\u0130NKLER ,H\u0130DRANT VS. ) BASIN\u00c7LI HAVA S\u0130STEMLER\u0130 BUHAR HATTI S\u0130STEMLER\u0130 DO\u011eALGAZ ALT YAPI VE B\u0130NA \u0130\u00c7\u0130 S\u0130STEMLER\u0130 LPG,FUEL O\u0130L VE\u00a0 MOTOR\u0130N HATTI S\u0130STEMLER\u0130 BAH\u00c7E SULAMA S\u0130STEMLER\u0130 YA\u011eMUR SUYU S\u0130STEMLER\u0130 ( S\u0130FON\u0130K,CATI OLU\u011eU VS. ) \u00dcRET\u0130M MAK\u0130NALARI\u00a0 ISITMA, SO\u011eUTMA VE HAVA S\u0130STEMLER\u0130 [&hellip;]","og_url":"https:\/\/aytekmekanik.com\/index.php\/sample-page\/","og_site_name":"AY-TEK MEKAN\u0130K","article_modified_time":"2022-12-01T07:13:45+00:00","twitter_card":"summary_large_image","twitter_misc":{"Tahmini okuma s\u00fcresi":"1 dakika"},"schema":{"@context":"https:\/\/schema.org","@graph":[{"@type":"WebPage","@id":"https:\/\/aytekmekanik.com\/index.php\/sample-page\/","url":"https:\/\/aytekmekanik.com\/index.php\/sample-page\/","name":"- AY-TEK MEKAN\u0130K","isPartOf":{"@id":"https:\/\/aytekmekanik.com\/#website"},"datePublished":"2022-11-30T17:46:49+00:00","dateModified":"2022-12-01T07:13:45+00:00","inLanguage":"tr","potentialAction":[{"@type":"ReadAction","target":["https:\/\/aytekmekanik.com\/index.php\/sample-page\/"]}]},{"@type":"WebSite","@id":"https:\/\/aytekmekanik.com\/#website","url":"https:\/\/aytekmekanik.com\/","name":"AY-TEK MEKAN\u0130K","description":"SIHH\u0130 TES\u0130SAT \u0130N\u015e.NAK.SAN.T\u0130C.LTD.\u015eT\u0130.","potentialAction":[{"@type":"SearchAction","target":{"@type":"EntryPoint","urlTemplate":"https:\/\/aytekmekanik.com\/?s={search_term_string}"},"query-input":"required name=search_term_string"}],"inLanguage":"tr"}]}},"_links":{"self":[{"href":"https:\/\/aytekmekanik.com\/index.php\/wp-json\/wp\/v2\/pages\/2","targetHints":{"allow":["GET"]}}],"collection":[{"href":"https:\/\/aytekmekanik.com\/index.php\/wp-json\/wp\/v2\/pages"}],"about":[{"href":"https:\/\/aytekmekanik.com\/index.php\/wp-json\/wp\/v2\/types\/page"}],"author":[{"embeddable":true,"href":"https:\/\/aytekmekanik.com\/index.php\/wp-json\/wp\/v2\/users\/1"}],"replies":[{"embeddable":true,"href":"https:\/\/aytekmekanik.com\/index.php\/wp-json\/wp\/v2\/comments?post=2"}],"version-history":[{"count":5,"href":"https:\/\/aytekmekanik.com\/index.php\/wp-json\/wp\/v2\/pages\/2\/revisions"}],"predecessor-version":[{"id":239,"href":"https:\/\/aytekmekanik.com\/index.php\/wp-json\/wp\/v2\/pages\/2\/revisions\/239"}],"wp:attachment":[{"href":"https:\/\/aytekmekanik.com\/index.php\/wp-json\/wp\/v2\/media?parent=2"}],"curies":[{"name":"wp","href":"https:\/\/api.w.org\/{rel}","templated":true}]}}