{"id":85,"date":"2022-11-30T18:47:16","date_gmt":"2022-11-30T18:47:16","guid":{"rendered":"https:\/\/aytekmekanik.com\/index.php\/blog\/"},"modified":"2022-12-01T07:14:41","modified_gmt":"2022-12-01T07:14:41","slug":"blog","status":"publish","type":"page","link":"https:\/\/aytekmekanik.com\/index.php\/blog\/","title":{"rendered":""},"content":{"rendered":"<h2 style=\"text-align: center;\"><strong>Hakk\u0131m\u0131zda<\/strong><\/h2>\n<p style=\"text-align: center;\">FAL\u0130YET\u0130M\u0130ZE 1992 YILINDA CAN TES\u0130SAT OLARAK GEBZE DE \u00a0BA\u015eLADIK.KURUMSALLA\u015eARAK 1998 YILINDA AYDINCAN \u0130N\u015eAAT SAN T\u0130\u00c7 LTD \u015eT\u0130<\/p>\n<p style=\"text-align: center;\">GEBZE DE VE C\u0130VARINDA \u0130N\u015eAAT, DEKORASYON, SIHH\u0130 VE MEKAN\u0130K TES\u0130SAT S\u0130STEMLER\u0130 \u0130\u015eLER\u0130NDE T\u0130CARETE DEVAM ETT\u0130K.<\/p>\n<p style=\"text-align: center;\">2001 YILINDA \u00a0FAAL\u0130YET\u0130M\u0130ZE \u00a0UZMANLA\u015eTI\u011eIMIZ \u00a0SIHH\u0130 VE \u00a0MEKAN\u0130K TES\u0130SAT S\u0130STEMLER\u0130NE Y\u00d6NELD\u0130K.<\/p>\n<p style=\"text-align: center;\">B\u0130R COK KONUT VE SANAY\u0130 B\u0130NALARINDA UYGULAMALAR YAPTIK.<\/p>\n<p style=\"text-align: center;\">\u00a0<strong>BU G\u00dcN AY-TEK MEKAN\u0130K SIHH\u0130 TES\u0130SAT \u0130N\u015e. NAK. SAN. T\u0130\u00c7. LTD. \u015eT\u0130. OLARAK<\/strong><\/p>\n<p style=\"text-align: center;\">T\u00dcM B\u0130LG\u0130 B\u0130R\u0130K\u0130M\u0130M\u0130Z VE UZMAN PERSONEL\u0130M\u0130Z \u0130LE B\u0130RL\u0130KTE S\u0130Z DE\u011eERL\u0130 M\u00dc\u015eTER\u0130LER\u0130M\u0130ZE SANAY\u0130 B\u0130NALARINDA ALT YAPIDAN \u0130T\u0130BAREN<\/p>\n<p style=\"text-align: center;\">T\u00dcM MEKAN\u0130K TES\u0130SAT S\u0130STEMLER\u0130N\u0130 PROJELEND\u0130RMEKTE VE UYGULAMAKTAYIZ.<\/p>\n<p style=\"text-align: center;\">AYRICA SADECE YEN\u0130 S\u0130STEMLER KURMAYIP BAKIM ONARIM H\u0130ZMETLER\u0130M\u0130Z \u0130LE S\u0130Z DE\u011eERL\u0130 M\u00dc\u015eTER\u0130LER\u0130M\u0130Z\u0130N\u00a0<u><strong>7\/24<\/strong><\/u>\u00a0\u00a0YANINIZDAYIZ.<\/p>\n<h2 style=\"text-align: center;\"><\/h2>\n","protected":false},"excerpt":{"rendered":"<p>Hakk\u0131m\u0131zda FAL\u0130YET\u0130M\u0130ZE 1992 YILINDA CAN TES\u0130SAT OLARAK GEBZE DE \u00a0BA\u015eLADIK.KURUMSALLA\u015eARAK 1998 YILINDA AYDINCAN \u0130N\u015eAAT SAN T\u0130\u00c7 LTD \u015eT\u0130 GEBZE DE VE C\u0130VARINDA \u0130N\u015eAAT, DEKORASYON, SIHH\u0130 VE MEKAN\u0130K TES\u0130SAT S\u0130STEMLER\u0130 \u0130\u015eLER\u0130NDE T\u0130CARETE DEVAM ETT\u0130K. 2001 YILINDA \u00a0FAAL\u0130YET\u0130M\u0130ZE \u00a0UZMANLA\u015eTI\u011eIMIZ \u00a0SIHH\u0130 VE \u00a0MEKAN\u0130K TES\u0130SAT S\u0130STEMLER\u0130NE Y\u00d6NELD\u0130K. B\u0130R COK KONUT VE SANAY\u0130 B\u0130NALARINDA UYGULAMALAR YAPTIK. \u00a0BU G\u00dcN AY-TEK MEKAN\u0130K [&hellip;]<\/p>\n","protected":false},"author":1,"featured_media":0,"parent":0,"menu_order":0,"comment_status":"closed","ping_status":"closed","template":"","meta":{"footnotes":""},"class_list":["post-85","page","type-page","status-publish","hentry"],"yoast_head":"<!-- This site is optimized with the Yoast SEO plugin v19.11 - https:\/\/yoast.com\/wordpress\/plugins\/seo\/ -->\n<title>- AY-TEK MEKAN\u0130K<\/title>\n<meta name=\"robots\" content=\"index, follow, max-snippet:-1, max-image-preview:large, max-video-preview:-1\" \/>\n<link rel=\"canonical\" href=\"https:\/\/aytekmekanik.com\/index.php\/blog\/\" \/>\n<meta property=\"og:locale\" content=\"tr_TR\" \/>\n<meta property=\"og:type\" content=\"article\" \/>\n<meta property=\"og:title\" content=\"- AY-TEK MEKAN\u0130K\" \/>\n<meta property=\"og:description\" content=\"Hakk\u0131m\u0131zda FAL\u0130YET\u0130M\u0130ZE 1992 YILINDA CAN TES\u0130SAT OLARAK GEBZE DE \u00a0BA\u015eLADIK.KURUMSALLA\u015eARAK 1998 YILINDA AYDINCAN \u0130N\u015eAAT SAN T\u0130\u00c7 LTD \u015eT\u0130 GEBZE DE VE C\u0130VARINDA \u0130N\u015eAAT, DEKORASYON, SIHH\u0130 VE MEKAN\u0130K TES\u0130SAT S\u0130STEMLER\u0130 \u0130\u015eLER\u0130NDE T\u0130CARETE DEVAM ETT\u0130K. 2001 YILINDA \u00a0FAAL\u0130YET\u0130M\u0130ZE \u00a0UZMANLA\u015eTI\u011eIMIZ \u00a0SIHH\u0130 VE \u00a0MEKAN\u0130K TES\u0130SAT S\u0130STEMLER\u0130NE Y\u00d6NELD\u0130K. B\u0130R COK KONUT VE SANAY\u0130 B\u0130NALARINDA UYGULAMALAR YAPTIK. \u00a0BU G\u00dcN AY-TEK MEKAN\u0130K [&hellip;]\" \/>\n<meta property=\"og:url\" content=\"https:\/\/aytekmekanik.com\/index.php\/blog\/\" \/>\n<meta property=\"og:site_name\" content=\"AY-TEK MEKAN\u0130K\" \/>\n<meta property=\"article:modified_time\" content=\"2022-12-01T07:14:41+00:00\" \/>\n<meta name=\"twitter:card\" content=\"summary_large_image\" \/>\n<meta name=\"twitter:label1\" content=\"Tahmini okuma s\u00fcresi\" \/>\n\t<meta name=\"twitter:data1\" content=\"1 dakika\" \/>\n<script type=\"application\/ld+json\" class=\"yoast-schema-graph\">{\"@context\":\"https:\/\/schema.org\",\"@graph\":[{\"@type\":\"WebPage\",\"@id\":\"https:\/\/aytekmekanik.com\/index.php\/blog\/\",\"url\":\"https:\/\/aytekmekanik.com\/index.php\/blog\/\",\"name\":\"- AY-TEK MEKAN\u0130K\",\"isPartOf\":{\"@id\":\"https:\/\/aytekmekanik.com\/#website\"},\"datePublished\":\"2022-11-30T18:47:16+00:00\",\"dateModified\":\"2022-12-01T07:14:41+00:00\",\"inLanguage\":\"tr\",\"potentialAction\":[{\"@type\":\"ReadAction\",\"target\":[\"https:\/\/aytekmekanik.com\/index.php\/blog\/\"]}]},{\"@type\":\"WebSite\",\"@id\":\"https:\/\/aytekmekanik.com\/#website\",\"url\":\"https:\/\/aytekmekanik.com\/\",\"name\":\"AY-TEK MEKAN\u0130K\",\"description\":\"SIHH\u0130 TES\u0130SAT \u0130N\u015e.NAK.SAN.T\u0130C.LTD.\u015eT\u0130.\",\"potentialAction\":[{\"@type\":\"SearchAction\",\"target\":{\"@type\":\"EntryPoint\",\"urlTemplate\":\"https:\/\/aytekmekanik.com\/?s={search_term_string}\"},\"query-input\":\"required name=search_term_string\"}],\"inLanguage\":\"tr\"}]}<\/script>\n<!-- \/ Yoast SEO plugin. -->","yoast_head_json":{"title":"- AY-TEK MEKAN\u0130K","robots":{"index":"index","follow":"follow","max-snippet":"max-snippet:-1","max-image-preview":"max-image-preview:large","max-video-preview":"max-video-preview:-1"},"canonical":"https:\/\/aytekmekanik.com\/index.php\/blog\/","og_locale":"tr_TR","og_type":"article","og_title":"- AY-TEK MEKAN\u0130K","og_description":"Hakk\u0131m\u0131zda FAL\u0130YET\u0130M\u0130ZE 1992 YILINDA CAN TES\u0130SAT OLARAK GEBZE DE \u00a0BA\u015eLADIK.KURUMSALLA\u015eARAK 1998 YILINDA AYDINCAN \u0130N\u015eAAT SAN T\u0130\u00c7 LTD \u015eT\u0130 GEBZE DE VE C\u0130VARINDA \u0130N\u015eAAT, DEKORASYON, SIHH\u0130 VE MEKAN\u0130K TES\u0130SAT S\u0130STEMLER\u0130 \u0130\u015eLER\u0130NDE T\u0130CARETE DEVAM ETT\u0130K. 2001 YILINDA \u00a0FAAL\u0130YET\u0130M\u0130ZE \u00a0UZMANLA\u015eTI\u011eIMIZ \u00a0SIHH\u0130 VE \u00a0MEKAN\u0130K TES\u0130SAT S\u0130STEMLER\u0130NE Y\u00d6NELD\u0130K. B\u0130R COK KONUT VE SANAY\u0130 B\u0130NALARINDA UYGULAMALAR YAPTIK. \u00a0BU G\u00dcN AY-TEK MEKAN\u0130K [&hellip;]","og_url":"https:\/\/aytekmekanik.com\/index.php\/blog\/","og_site_name":"AY-TEK MEKAN\u0130K","article_modified_time":"2022-12-01T07:14:41+00:00","twitter_card":"summary_large_image","twitter_misc":{"Tahmini okuma s\u00fcresi":"1 dakika"},"schema":{"@context":"https:\/\/schema.org","@graph":[{"@type":"WebPage","@id":"https:\/\/aytekmekanik.com\/index.php\/blog\/","url":"https:\/\/aytekmekanik.com\/index.php\/blog\/","name":"- AY-TEK MEKAN\u0130K","isPartOf":{"@id":"https:\/\/aytekmekanik.com\/#website"},"datePublished":"2022-11-30T18:47:16+00:00","dateModified":"2022-12-01T07:14:41+00:00","inLanguage":"tr","potentialAction":[{"@type":"ReadAction","target":["https:\/\/aytekmekanik.com\/index.php\/blog\/"]}]},{"@type":"WebSite","@id":"https:\/\/aytekmekanik.com\/#website","url":"https:\/\/aytekmekanik.com\/","name":"AY-TEK MEKAN\u0130K","description":"SIHH\u0130 TES\u0130SAT \u0130N\u015e.NAK.SAN.T\u0130C.LTD.\u015eT\u0130.","potentialAction":[{"@type":"SearchAction","target":{"@type":"EntryPoint","urlTemplate":"https:\/\/aytekmekanik.com\/?s={search_term_string}"},"query-input":"required name=search_term_string"}],"inLanguage":"tr"}]}},"_links":{"self":[{"href":"https:\/\/aytekmekanik.com\/index.php\/wp-json\/wp\/v2\/pages\/85","targetHints":{"allow":["GET"]}}],"collection":[{"href":"https:\/\/aytekmekanik.com\/index.php\/wp-json\/wp\/v2\/pages"}],"about":[{"href":"https:\/\/aytekmekanik.com\/index.php\/wp-json\/wp\/v2\/types\/page"}],"author":[{"embeddable":true,"href":"https:\/\/aytekmekanik.com\/index.php\/wp-json\/wp\/v2\/users\/1"}],"replies":[{"embeddable":true,"href":"https:\/\/aytekmekanik.com\/index.php\/wp-json\/wp\/v2\/comments?post=85"}],"version-history":[{"count":2,"href":"https:\/\/aytekmekanik.com\/index.php\/wp-json\/wp\/v2\/pages\/85\/revisions"}],"predecessor-version":[{"id":241,"href":"https:\/\/aytekmekanik.com\/index.php\/wp-json\/wp\/v2\/pages\/85\/revisions\/241"}],"wp:attachment":[{"href":"https:\/\/aytekmekanik.com\/index.php\/wp-json\/wp\/v2\/media?parent=85"}],"curies":[{"name":"wp","href":"https:\/\/api.w.org\/{rel}","templated":true}]}}